{"id":25378,"date":"2022-10-07T20:08:56","date_gmt":"2022-10-07T20:08:56","guid":{"rendered":"https:\/\/simone-andrist.ch\/?page_id=25378"},"modified":"2024-08-29T16:50:07","modified_gmt":"2024-08-29T16:50:07","slug":"impressum","status":"publish","type":"page","link":"https:\/\/simone-andrist.ch\/?page_id=25378","title":{"rendered":"Impressum"},"content":{"rendered":"<p>[et_pb_section fb_built=&#8220;1&#8243; module_id=&#8220;start&#8220; _builder_version=&#8220;4.15.1&#8243; _module_preset=&#8220;default&#8220; background_color=&#8220;#FFFFFF&#8220; global_colors_info=&#8220;{}&#8220;][et_pb_row make_equal=&#8220;on&#8220; module_id=&#8220;ueber-mich&#8220; _builder_version=&#8220;4.15.1&#8243; _module_preset=&#8220;default&#8220; background_color=&#8220;RGBA(255,255,255,0)&#8220; width=&#8220;90%&#8220; max_width=&#8220;1302px&#8220; custom_padding=&#8220;40px|40px|0px|40px|false|false&#8220; global_colors_info=&#8220;{}&#8220;][et_pb_column type=&#8220;4_4&#8243; _builder_version=&#8220;4.15.1&#8243; _module_preset=&#8220;default&#8220; custom_padding=&#8220;||||false|false&#8220; global_colors_info=&#8220;{}&#8220;][et_pb_text _builder_version=&#8220;4.15.1&#8243; _module_preset=&#8220;default&#8220; text_font_size=&#8220;16px&#8220; header_text_color=&#8220;#4981A4&#8243; header_2_text_color=&#8220;#4981A4&#8243; global_colors_info=&#8220;{}&#8220;]<\/p>\n<h2>Impressum<\/h2>\n<p><strong><\/strong><\/p>\n<p><strong>Kontakt<\/strong><br \/>Simone Andrist<br \/>Chumg\u00e4ssli 24<br \/>CH-3703 Aeschi b. Spiez<\/p>\n<p>Moblie: +41 79 316 40 78<br \/>E-Mail:<span> <\/span><a href=\"mailto:gesang.andrist@gmail.com\">gesang.andrist@gmail.com<\/a><\/p>\n<p><strong>Haftungsausschluss<\/strong><br \/>Der Autor \u00fcbernimmt keinerlei Gew\u00e4hr hinsichtlich der inhaltlichen Richtigkeit, Genauigkeit, Aktualit\u00e4t, Zuverl\u00e4ssigkeit und Vollst\u00e4ndigkeit der Informationen. Haftung f\u00fcr Links Verweise und Links auf Websites Dritter liegen ausserhalb unseres Verantwortungsbereichs. Es wird jegliche Verantwortung f\u00fcr solche Websites abgelehnt.<\/p>\n<p><strong>Urheberrechte<\/strong><br \/>Die Urheber- und alle anderen Rechte an Inhalten, Bildern, Fotos oder anderen Dateien auf der Website geh\u00f6ren ausschliesslich Simone Andrist oder sind lizensfrei. F\u00fcr die Reproduktion jeglicher Elemente ist die schriftliche Zustimmung der Urheberrechtstr\u00e4ger im Voraus einzuholen.<\/p>\n<p><span style=\"font-weight: 400;\"><\/span><\/p>\n<p>[\/et_pb_text][\/et_pb_column][\/et_pb_row][\/et_pb_section]<\/p>\n","protected":false},"excerpt":{"rendered":"<p>Impressum KontaktSimone AndristChumg\u00e4ssli 24CH-3703 Aeschi b. Spiez Moblie: +41 79 316 40 78E-Mail: gesang.andrist@gmail.com HaftungsausschlussDer Autor \u00fcbernimmt keinerlei Gew\u00e4hr hinsichtlich der inhaltlichen Richtigkeit, Genauigkeit, Aktualit\u00e4t, Zuverl\u00e4ssigkeit und Vollst\u00e4ndigkeit der Informationen. Haftung f\u00fcr Links Verweise und Links auf Websites Dritter liegen ausserhalb unseres Verantwortungsbereichs. Es wird jegliche Verantwortung f\u00fcr solche Websites abgelehnt. UrheberrechteDie Urheber- und alle [&hellip;]<\/p>\n","protected":false},"author":1,"featured_media":0,"parent":0,"menu_order":0,"comment_status":"closed","ping_status":"closed","template":"","meta":{"_et_pb_use_builder":"on","_et_pb_old_content":"","_et_gb_content_width":"","footnotes":""},"class_list":["post-25378","page","type-page","status-publish","hentry"],"_links":{"self":[{"href":"https:\/\/simone-andrist.ch\/index.php?rest_route=\/wp\/v2\/pages\/25378","targetHints":{"allow":["GET"]}}],"collection":[{"href":"https:\/\/simone-andrist.ch\/index.php?rest_route=\/wp\/v2\/pages"}],"about":[{"href":"https:\/\/simone-andrist.ch\/index.php?rest_route=\/wp\/v2\/types\/page"}],"author":[{"embeddable":true,"href":"https:\/\/simone-andrist.ch\/index.php?rest_route=\/wp\/v2\/users\/1"}],"replies":[{"embeddable":true,"href":"https:\/\/simone-andrist.ch\/index.php?rest_route=%2Fwp%2Fv2%2Fcomments&post=25378"}],"version-history":[{"count":4,"href":"https:\/\/simone-andrist.ch\/index.php?rest_route=\/wp\/v2\/pages\/25378\/revisions"}],"predecessor-version":[{"id":25432,"href":"https:\/\/simone-andrist.ch\/index.php?rest_route=\/wp\/v2\/pages\/25378\/revisions\/25432"}],"wp:attachment":[{"href":"https:\/\/simone-andrist.ch\/index.php?rest_route=%2Fwp%2Fv2%2Fmedia&parent=25378"}],"curies":[{"name":"wp","href":"https:\/\/api.w.org\/{rel}","templated":true}]}}